{"id":2462,"date":"2026-01-21T13:28:49","date_gmt":"2026-01-21T13:28:49","guid":{"rendered":"https:\/\/cn.fabeloso.com\/stories\/?page_id=2462"},"modified":"2026-01-21T13:28:50","modified_gmt":"2026-01-21T13:28:50","slug":"week-03-transportation-getting-around","status":"publish","type":"page","link":"https:\/\/cn.fabeloso.com\/stories\/week-03-transportation-getting-around\/","title":{"rendered":"Week 03: Transportation &amp; Getting Around"},"content":{"rendered":"\n<p><strong>26hsk2w03<\/strong> Week 03: Transportation &#038; Getting Around<br>\nPractice real-life travel Chinese: transfers, bus stops, and staying calm when plans change.<br><\/p>\n\n<div class=\"container\">\n\n  <div class=\"tab-group historia-tabs\">\n    <div class=\"tab-buttons\">\n      <button class=\"tab-btn active\" data-tab=\"week-zh\">\u4e2d\u6587<\/button>\n      <button class=\"tab-btn\" data-tab=\"week-py\">Pinyin<\/button>\n      <button class=\"tab-btn\" data-tab=\"week-en\">English<\/button>\n    <\/div>\n\n    <div id=\"week-zh\" class=\"tab-content active\">\n      <h1>Week 03: \u4ea4\u901a\u51fa\u884c<\/h1>\n      <p>\n        \u8fd9\u4e00\u5468\u6211\u4eec\u7ec3\u4e60\u201c\u4ea4\u901a\u51fa\u884c\u201d\u7684\u4e2d\u6587\uff1a\u5750\u5730\u94c1\u3001\u6362\u4e58\u3001\u627e\u516c\u4ea4\u8f66\u7ad9\uff0c\u4e5f\u5b66\u4e60\u9047\u5230\u95ee\u9898\u65f6\u600e\u4e48\u95ee\u8def\u3001\u600e\u4e48\u89e3\u51b3\u3002\u4f60\u4f1a\u53d1\u73b0\uff0c\u53ea\u8981\u770b\u6e05\u695a\u6807\u5fd7\u3001\u793c\u8c8c\u5730\u95ee\u4e00\u53e5\uff0c\u5c31\u80fd\u66f4\u5feb\u5230\u8fbe\u76ee\u7684\u5730\u3002\u6700\u540e\u4e00\u5929\u662f\u590d\u4e60\u65e5\uff0c\u5e2e\u52a9\u4f60\u628a\u672c\u5468\u91cd\u70b9\u8bcd\u6c47\u548c\u8bed\u6cd5\u8fde\u8d77\u6765\u7528\u3002\n      <\/p>\n    <\/div>\n\n    <div id=\"week-py\" class=\"tab-content\">\n      <h1>Week 03: Ji\u0101ot\u014dng Ch\u016bx\u00edng<\/h1>\n      <p>\n        Zh\u00e8 y\u00ec zh\u014du w\u01d2men li\u00e0nx\u00ed \u201cji\u0101ot\u014dng ch\u016bx\u00edng\u201d de Zh\u014dngw\u00e9n: zu\u00f2 d\u00ecti\u011b, hu\u00e0nch\u00e9ng, zh\u01ceo g\u014dngji\u0101och\u0113 zh\u00e0n, y\u011b xu\u00e9x\u00ed y\u00f9d\u00e0o w\u00e8nt\u00ed sh\u00ed z\u011bnme w\u00e8n l\u00f9, z\u011bnme ji\u011bju\u00e9. N\u01d0 hu\u00ec f\u0101xi\u00e0n, zh\u01d0y\u00e0o k\u00e0n q\u012bngchu bi\u0101ozh\u00ec, l\u01d0m\u00e0o de w\u00e8n y\u00ed j\u00f9, ji\u00f9 n\u00e9ng g\u00e8ng ku\u00e0i d\u00e0o d\u00e1 m\u00f9d\u00ecd\u00ec. Zu\u00ech\u00f2u y\u00ec ti\u0101n sh\u00ec f\u00f9x\u00ed r\u00ec, b\u0101ngzh\u00f9 n\u01d0 b\u01ce b\u011bn zh\u014du zh\u00f2ngdi\u01cen c\u00edhu\u00ec h\u00e9 y\u01d4f\u01ce li\u00e1n q\u01d0l\u00e1i y\u00f2ng.\n      <\/p>\n    <\/div>\n\n    <div id=\"week-en\" class=\"tab-content\">\n      <h1>Week 03: Transportation<\/h1>\n      <p>\n        This week builds practical Chinese for getting around: taking the metro, transferring lines, and finding a bus stop. You\u2019ll also practice how to ask for directions and stay calm when something goes wrong. Day 07 is a review day to connect the week\u2019s key vocabulary and grammar into smoother speaking.\n      <\/p>\n    <\/div>\n  <\/div>\n\n  <h2>This Week\u2019s 7 Stories<\/h2>\n  <ul>\n    <li><a href=\"https:\/\/cn.fabeloso.com\/stories\/s26hsk2w03d01\">26hsk2w03d01 \u2014 Day 01 (Story 1)<\/a><\/li>\n    <li><a href=\"https:\/\/cn.fabeloso.com\/stories\/s26hsk2w03d02\">26hsk2w03d02 \u2014 Day 02 (Story 2)<\/a><\/li>\n    <li><a href=\"https:\/\/cn.fabeloso.com\/stories\/s26hsk2w03d03\">26hsk2w03d03 \u2014 Day 03 (Story 3)<\/a><\/li>\n    <li><a href=\"https:\/\/cn.fabeloso.com\/stories\/s26hsk2w03d04\">26hsk2w03d04 \u2014 Day 04 (Story 4)<\/a><\/li>\n    <li><a href=\"https:\/\/cn.fabeloso.com\/stories\/s26hsk2w03d05\">26hsk2w03d05 \u2014 Day 05 (Story 5)<\/a><\/li>\n    <li><a href=\"https:\/\/cn.fabeloso.com\/stories\/s26hsk2w03d06\">26hsk2w03d06 \u2014 Day 06 (Story 6)<\/a><\/li>\n    <li><a href=\"https:\/\/cn.fabeloso.com\/stories\/s26hsk2w03d07\">26hsk2w03d07 \u2014 Day 07 (Story 7 Review)<\/a><\/li>\n  <\/ul>\n\n  <div class=\"tab-group estudo-tabs\">\n    <div class=\"tab-buttons\">\n      <button class=\"tab-btn active\" data-tab=\"wk3-vocab\">Key Vocabulary<\/button>\n      <button class=\"tab-btn\" data-tab=\"wk3-grammar\">Key Grammar<\/button>\n    <\/div>\n\n    <div id=\"wk3-vocab\" class=\"tab-content active\">\n      <h2>Key Vocabulary<\/h2>\n      <p>\n        \u672c\u5468\u91cd\u70b9\u662f\u201c\u51fa\u884c\/\u95ee\u8def\/\u6362\u4e58\u201d\u76f8\u5173\u8bcd\u6c47\uff1a\u4ea4\u901a\u5de5\u5177\u3001\u8f66\u7ad9\u4fe1\u606f\u3001\u65b9\u5411\u52a8\u4f5c\u3001\u4ee5\u53ca\u8868\u8fbe\u62c5\u5fc3\u4e0e\u89e3\u51b3\u95ee\u9898\u7684\u8bcd\u3002\u65b9\u5411\u8868\u8fbe\u91cc\u5e38\u89c1\u201c\u5f80\u524d\u8d70\u3001\u53f3\u8f6c\u3001\u8fc7\u7ea2\u7eff\u706f\u201d\u7b49\u8bf4\u6cd5\uff1b\u6362\u4e58\u548c\u5730\u94c1\u91cc\u5e38\u89c1\u201c\u6362\u4e58\u3001\u7ad9\u53f0\u3001\u6807\u5fd7\u201d\u7b49\u8bcd\uff1b\u9047\u5230\u95ee\u9898\u65f6\u4e5f\u4f1a\u7528\u5230\u201c\u7740\u6025\u3001\u8fdf\u5230\u201d\u7b49\u8bcd\u6765\u8bf4\u660e\u60c5\u51b5\u3002\n      <\/p>\n      <ul>\n        <li>\u65b9\u5411\uff1a\u4e00\u76f4\u5f80\u524d\u8d70\u3001\u53f3\u8f6c\u3001\u8fc7\uff08\u7ea2\u7eff\u706f\uff09<\/li>\n        <li>\u5730\u94c1\uff1a\u6362\u4e58\u3001\u7ad9\u53f0\u3001\u6807\u5fd7<\/li>\n        <li>\u72b6\u6001\uff1a\u7740\u6025\u3001\u8fdf\u5230<\/li>\n      <\/ul>\n    <\/div>\n\n    <div id=\"wk3-grammar\" class=\"tab-content\">\n      <h2>Key Grammar<\/h2>\n      <ul>\n        <li><strong>\u5148\u2026\u518d\u2026<\/strong>\uff1a\u6309\u987a\u5e8f\u8bf4\u8def\u7ebf\u548c\u6b65\u9aa4\uff08\u5148\u5750\u4e00\u53f7\u7ebf\uff0c\u518d\u6362\u4e58\u4e8c\u53f7\u7ebf\uff09\u3002<\/li>\n        <li><strong>\u4e00\u76f4 + \u52a8\u8bcd<\/strong>\uff1a\u8868\u793a\u201c\u6301\u7eed\u505a\/\u4e00\u76f4\u5f80\u524d\u201d\uff08\u4e00\u76f4\u770b\u7ad9\u540d \/ \u4e00\u76f4\u5f80\u524d\u8d70\uff09\u3002<\/li>\n        <li><strong>\u770b\u5230\u2026\u5c31\u2026<\/strong>\uff1a\u7528\u6765\u7ed9\u65b9\u5411\u6307\u4ee4\uff08\u770b\u5230\u201c\u6362\u4e58\u201d\u7684\u724c\u5b50\u5c31\u53f3\u8f6c\uff09\u3002<\/li>\n        <li><strong>\u8bf7\u95ee\u2026\u600e\u4e48\u8d70\uff1f<\/strong>\uff1a\u793c\u8c8c\u95ee\u8def\u7684\u56fa\u5b9a\u53e5\u578b\uff08\u8bf7\u95ee\u516c\u4ea4\u8f66\u7ad9\u600e\u4e48\u8d70\uff1f\uff09\u3002<\/li>\n        <li><strong>\u53ea\u597d\u2026<\/strong>\uff1a\u8868\u793a\u201c\u6ca1\u529e\u6cd5\uff0c\u53ea\u80fd\u8fd9\u6837\u201d\uff08\u9519\u8fc7\u8f66\uff0c\u53ea\u597d\u7b49\u4e0b\u4e00\u73ed\uff09\u3002<\/li>\n      <\/ul>\n    <\/div>\n  <\/div>\n\n\n\n    \n","protected":false},"excerpt":{"rendered":"<p>26hsk2w03 Week 03: Transportation &#038; Getting Around Practice real-life travel Chinese: transfers, bus stops, and staying calm when plans change. \u4e2d\u6587 Pinyin English Week 03: \u4ea4\u901a\u51fa\u884c \u8fd9\u4e00\u5468\u6211\u4eec\u7ec3\u4e60\u201c\u4ea4\u901a\u51fa\u884c\u201d\u7684\u4e2d\u6587\uff1a\u5750\u5730\u94c1\u3001\u6362\u4e58\u3001\u627e\u516c\u4ea4\u8f66\u7ad9\uff0c\u4e5f\u5b66\u4e60\u9047\u5230\u95ee\u9898\u65f6\u600e\u4e48\u95ee\u8def\u3001\u600e\u4e48\u89e3\u51b3\u3002\u4f60\u4f1a\u53d1\u73b0\uff0c\u53ea\u8981\u770b\u6e05\u695a\u6807\u5fd7\u3001\u793c\u8c8c\u5730\u95ee\u4e00\u53e5\uff0c\u5c31\u80fd\u66f4\u5feb\u5230\u8fbe\u76ee\u7684\u5730\u3002\u6700\u540e\u4e00\u5929\u662f\u590d\u4e60\u65e5\uff0c\u5e2e\u52a9\u4f60\u628a\u672c\u5468\u91cd\u70b9\u8bcd\u6c47\u548c\u8bed\u6cd5\u8fde\u8d77\u6765\u7528\u3002 Week 03: Ji\u0101ot\u014dng &hellip; <a title=\"Week 03: Transportation &amp; Getting Around\" class=\"hm-read-more\" href=\"https:\/\/cn.fabeloso.com\/stories\/week-03-transportation-getting-around\/\"><span class=\"screen-reader-text\">Week 03: Transportation &amp; Getting Around<\/span>Read more<\/a><\/p>\n","protected":false},"author":1,"featured_media":0,"parent":0,"menu_order":0,"comment_status":"closed","ping_status":"closed","template":"","meta":{"footnotes":""},"class_list":["post-2462","page","type-page","status-publish","hentry"],"jetpack_sharing_enabled":true,"_links":{"self":[{"href":"https:\/\/cn.fabeloso.com\/stories\/wp-json\/wp\/v2\/pages\/2462","targetHints":{"allow":["GET"]}}],"collection":[{"href":"https:\/\/cn.fabeloso.com\/stories\/wp-json\/wp\/v2\/pages"}],"about":[{"href":"https:\/\/cn.fabeloso.com\/stories\/wp-json\/wp\/v2\/types\/page"}],"author":[{"embeddable":true,"href":"https:\/\/cn.fabeloso.com\/stories\/wp-json\/wp\/v2\/users\/1"}],"replies":[{"embeddable":true,"href":"https:\/\/cn.fabeloso.com\/stories\/wp-json\/wp\/v2\/comments?post=2462"}],"version-history":[{"count":1,"href":"https:\/\/cn.fabeloso.com\/stories\/wp-json\/wp\/v2\/pages\/2462\/revisions"}],"predecessor-version":[{"id":2467,"href":"https:\/\/cn.fabeloso.com\/stories\/wp-json\/wp\/v2\/pages\/2462\/revisions\/2467"}],"wp:attachment":[{"href":"https:\/\/cn.fabeloso.com\/stories\/wp-json\/wp\/v2\/media?parent=2462"}],"curies":[{"name":"wp","href":"https:\/\/api.w.org\/{rel}","templated":true}]}}